{"id":154,"date":"2013-06-04T08:08:40","date_gmt":"2013-06-04T08:08:40","guid":{"rendered":"http:\/\/teslathemes.com\/demo\/wp\/winterfell\/?page_id=2"},"modified":"2013-09-27T16:58:17","modified_gmt":"2013-09-27T16:58:17","slug":"sobre","status":"publish","type":"page","link":"https:\/\/matheuspitillo.com\/disneyinfinity\/sobre\/","title":{"rendered":"+Sobre"},"content":{"rendered":"<p>Quer saber mais informa\u00e7\u00f5es sobre o jogo?<\/p>\n<p>Navegue pelo Menu <strong>+Sobre<\/strong> posicionando o Mouse em cima, e selecionando cada uma das op\u00e7\u00f5es extras! \ud83d\ude42<\/p>\n","protected":false},"excerpt":{"rendered":"<p>Quer saber mais informa\u00e7\u00f5es sobre o jogo? Navegue pelo Menu +Sobre posicionando o Mouse em cima, e selecionando cada uma das op\u00e7\u00f5es extras! \ud83d\ude42<\/p>\n","protected":false},"author":2,"featured_media":0,"parent":0,"menu_order":0,"comment_status":"open","ping_status":"closed","template":"","meta":{"footnotes":""},"class_list":["post-154","page","type-page","status-publish","hentry"],"_links":{"self":[{"href":"https:\/\/matheuspitillo.com\/disneyinfinity\/wp-json\/wp\/v2\/pages\/154","targetHints":{"allow":["GET"]}}],"collection":[{"href":"https:\/\/matheuspitillo.com\/disneyinfinity\/wp-json\/wp\/v2\/pages"}],"about":[{"href":"https:\/\/matheuspitillo.com\/disneyinfinity\/wp-json\/wp\/v2\/types\/page"}],"author":[{"embeddable":true,"href":"https:\/\/matheuspitillo.com\/disneyinfinity\/wp-json\/wp\/v2\/users\/2"}],"replies":[{"embeddable":true,"href":"https:\/\/matheuspitillo.com\/disneyinfinity\/wp-json\/wp\/v2\/comments?post=154"}],"version-history":[{"count":4,"href":"https:\/\/matheuspitillo.com\/disneyinfinity\/wp-json\/wp\/v2\/pages\/154\/revisions"}],"predecessor-version":[{"id":441,"href":"https:\/\/matheuspitillo.com\/disneyinfinity\/wp-json\/wp\/v2\/pages\/154\/revisions\/441"}],"wp:attachment":[{"href":"https:\/\/matheuspitillo.com\/disneyinfinity\/wp-json\/wp\/v2\/media?parent=154"}],"curies":[{"name":"wp","href":"https:\/\/api.w.org\/{rel}","templated":true}]}}