{"id":155,"date":"2013-08-15T07:30:03","date_gmt":"2013-08-15T07:30:03","guid":{"rendered":"http:\/\/teslathemes.com\/demo\/wp\/winterfell\/?page_id=7"},"modified":"2013-09-16T00:37:29","modified_gmt":"2013-09-16T00:37:29","slug":"home","status":"publish","type":"page","link":"https:\/\/matheuspitillo.com\/disneyinfinity\/","title":{"rendered":"Home"},"content":{"rendered":"<div class=\"main_box latest_works\" style=\"background: url('https:\/\/matheuspitillo.com\/disneyinfinity\/wp-content\/uploads\/2013\/07\/DI_background_fim.jpg') no-repeat;\">\n    <div class=\"container\">\n        <div class=\"mb_row row\">\n            <h1 class=\"title tc1 bold span10 offset1\">Disney Infinity Brasil<\/h1>\n\n            <!-- OUR PROJECTS -->\n            <div class=\"projects center clearfix\">\n                <ul class=\"clearfix\">\n                                                                    <li class=\"span3\">\n                            <figure class=\"wf_portfolio_item_figure\" data-post-link=\"https:\/\/matheuspitillo.com\/disneyinfinity\/portfolio\/oque\/\">\n                                <a href=\"https:\/\/matheuspitillo.com\/disneyinfinity\/portfolio\/oque\/\">\n                                    <img decoding=\"async\" src=\"http:\/\/matheuspitillo.com\/disneyinfinity\/wp-content\/uploads\/2013\/09\/whatis.jpg\" alt=\"O que \u00e9 DI?\">\n                                <\/a>\n                                <figcaption>\n                                    <div class=\"fc_wrapper\">\n                                        <div class=\"content\">\n                                            <h3 class=\"content_title\">\n                                                <a href=\"https:\/\/matheuspitillo.com\/disneyinfinity\/portfolio\/oque\/\">\n                                                    O que \u00e9 DI?                                                <\/a>\n                                            <\/h3>\n                                            <div class=\"category\">\n                                                <i class=\"sp dib\"><\/i>\n                                                <h4 class=\"name dib\"><\/h4>\n                                            <\/div>\n                                        <\/div>\n                                    <\/div>\n                                <\/figcaption>\n                            <\/figure>\n                        <\/li>\n                                                                    <li class=\"span3\">\n                            <figure class=\"wf_portfolio_item_figure\" data-post-link=\"https:\/\/matheuspitillo.com\/disneyinfinity\/portfolio\/playsets\/\">\n                                <a href=\"https:\/\/matheuspitillo.com\/disneyinfinity\/portfolio\/playsets\/\">\n                                    <img decoding=\"async\" src=\"http:\/\/matheuspitillo.com\/disneyinfinity\/wp-content\/uploads\/2013\/09\/playset_menu21.jpg\" alt=\"Play Sets\">\n                                <\/a>\n                                <figcaption>\n                                    <div class=\"fc_wrapper\">\n                                        <div class=\"content\">\n                                            <h3 class=\"content_title\">\n                                                <a href=\"https:\/\/matheuspitillo.com\/disneyinfinity\/portfolio\/playsets\/\">\n                                                    Play Sets                                                <\/a>\n                                            <\/h3>\n                                            <div class=\"category\">\n                                                <i class=\"sp dib\"><\/i>\n                                                <h4 class=\"name dib\"><\/h4>\n                                            <\/div>\n                                        <\/div>\n                                    <\/div>\n                                <\/figcaption>\n                            <\/figure>\n                        <\/li>\n                                                                    <li class=\"span3\">\n                            <figure class=\"wf_portfolio_item_figure\" data-post-link=\"https:\/\/matheuspitillo.com\/disneyinfinity\/portfolio\/toybox\/\">\n                                <a href=\"https:\/\/matheuspitillo.com\/disneyinfinity\/portfolio\/toybox\/\">\n                                    <img decoding=\"async\" src=\"http:\/\/matheuspitillo.com\/disneyinfinity\/wp-content\/uploads\/2013\/09\/toybox_menu.jpg\" alt=\"Toy Box\">\n                                <\/a>\n                                <figcaption>\n                                    <div class=\"fc_wrapper\">\n                                        <div class=\"content\">\n                                            <h3 class=\"content_title\">\n                                                <a href=\"https:\/\/matheuspitillo.com\/disneyinfinity\/portfolio\/toybox\/\">\n                                                    Toy Box                                                <\/a>\n                                            <\/h3>\n                                            <div class=\"category\">\n                                                <i class=\"sp dib\"><\/i>\n                                                <h4 class=\"name dib\"><\/h4>\n                                            <\/div>\n                                        <\/div>\n                                    <\/div>\n                                <\/figcaption>\n                            <\/figure>\n                        <\/li>\n                                                            <\/ul>\n            <\/div>\n            <!-- \/OUR PROJECTS -->\n\n            <!-- PROJECTS ACCESS BUTTONS -->\n            <div class=\"hooks span12\">\n                <div class=\"buttons\">\n                                                        <\/div>\n            <\/div>\n            <!-- \/PROJECTS ACCESS BUTTONS -->\n\n        <\/div>\n    <\/div>\n    <div class=\"mask\"><\/div>\n<\/div>\n<!-- TESTIMONIALS -->\n<div class=\"testimonials\">\n    <div class=\"container\">\n        <div class=\"row\">\n            <div class=\"box span8 offset2\">\n                <div class=\"content clearfix\">\n                                            <a href=\"#\" id=\"prev\" class=\"arrow arr_left left\">&lt;<\/a>\n\n                        <ul>\n                                                                                            <li class=\"item active\">\n                                    <div class=\"main left\">\n                                        <p class=\"text\">\n                                            Bem vindo \u00e0 Disney Infinity Brasil! Espero que voc\u00ea possa encontrar por aqui a informa\u00e7\u00e3o que esteja procurando. Lembre-se que para qualquer sugest\u00e3o ou coment\u00e1rio, basta publicar em cada uma das p\u00e1ginas do site, ou mandar um e-mail diretamente para o meu contato no rodap\u00e9 da p\u00e1gina. Obrigado e volte sempre!                                        <\/p>\n                                        <div class=\"meta clearfix\">\n                                            <i class=\"quote sp left\"><\/i>\n                                            <div class=\"info right\">\n                                                <figure class=\"photo right\">\n                                                    <img decoding=\"async\" src=\"http:\/\/matheuspitillo.com\/disneyinfinity\/wp-content\/uploads\/2013\/09\/pic_me.jpg\" alt=\"Author\">\n                                                <\/figure>\n                                                <span class=\"date bold right\">16 Sep 2013<\/span>\n                                                <h4 class=\"name bold right\"><a href=\"#\">Matheus Pitillo<\/a><\/h4>\n                                            <\/div>\n                                        <\/div>\n                                    <\/div>\n                                <\/li>\n                                                    <\/ul>\n                        <a href=\"#\" id=\"next\" class=\"arrow arr_right left\">&gt;<\/a>\n                    \n                <\/div>\n            <\/div>\n        <\/div>\n    <\/div>\n<\/div>\n<!-- \/TESTIMONIALS -->\n\n","protected":false},"excerpt":{"rendered":"","protected":false},"author":2,"featured_media":220,"parent":0,"menu_order":0,"comment_status":"open","ping_status":"closed","template":"page-home.php","meta":{"footnotes":""},"class_list":["post-155","page","type-page","status-publish","has-post-thumbnail","hentry"],"_links":{"self":[{"href":"https:\/\/matheuspitillo.com\/disneyinfinity\/wp-json\/wp\/v2\/pages\/155","targetHints":{"allow":["GET"]}}],"collection":[{"href":"https:\/\/matheuspitillo.com\/disneyinfinity\/wp-json\/wp\/v2\/pages"}],"about":[{"href":"https:\/\/matheuspitillo.com\/disneyinfinity\/wp-json\/wp\/v2\/types\/page"}],"author":[{"embeddable":true,"href":"https:\/\/matheuspitillo.com\/disneyinfinity\/wp-json\/wp\/v2\/users\/2"}],"replies":[{"embeddable":true,"href":"https:\/\/matheuspitillo.com\/disneyinfinity\/wp-json\/wp\/v2\/comments?post=155"}],"version-history":[{"count":13,"href":"https:\/\/matheuspitillo.com\/disneyinfinity\/wp-json\/wp\/v2\/pages\/155\/revisions"}],"predecessor-version":[{"id":301,"href":"https:\/\/matheuspitillo.com\/disneyinfinity\/wp-json\/wp\/v2\/pages\/155\/revisions\/301"}],"wp:featuredmedia":[{"embeddable":true,"href":"https:\/\/matheuspitillo.com\/disneyinfinity\/wp-json\/wp\/v2\/media\/220"}],"wp:attachment":[{"href":"https:\/\/matheuspitillo.com\/disneyinfinity\/wp-json\/wp\/v2\/media?parent=155"}],"curies":[{"name":"wp","href":"https:\/\/api.w.org\/{rel}","templated":true}]}}