{"id":272,"date":"2013-09-15T23:41:16","date_gmt":"2013-09-15T23:41:16","guid":{"rendered":"http:\/\/matheuspitillo.com\/disneyinfinity\/?page_id=272"},"modified":"2013-09-15T23:41:16","modified_gmt":"2013-09-15T23:41:16","slug":"forum","status":"publish","type":"page","link":"https:\/\/matheuspitillo.com\/disneyinfinity\/forum\/","title":{"rendered":"F\u00f3rum"},"content":{"rendered":"<p><img decoding=\"async\" alt=\"\" src=\"http:\/\/www.matheuspitillo.com\/wp-content\/uploads\/2013\/08\/DI_Logo1.jpg\" \/><\/p>\n<p style=\"text-align: justify;\">Disney Infinity Brasil tamb\u00e9m possui um t\u00f3pico oficial com uma base de jogadores presentes no F\u00f3rum UOL Jogos.<\/p>\n<p style=\"text-align: justify;\">Para se juntar com outros fans como voc\u00ea, acesse o <span style=\"color: #000080;\"><a href=\"http:\/\/forum.jogos.uol.com.br\/oficial---disney-infinity---1-campeonato--premios_t_2689266\" target=\"_blank\"><span style=\"color: #000080;\">T\u00f3pico Oficial<\/span><\/a><\/span> que criei dentro do F\u00f3rum UOL Jogos. No t\u00f3pico voc\u00ea pode discutir mais a respeito do jogo e encontrar outras pessoas para participar de partidas online com voc\u00ea.<\/p>\n<p style=\"text-align: justify;\">Para participar, basta se cadastrar diretamente no F\u00f3rum e come\u00e7ar a postar. Os Campeonatos oferecidos aqui nesse site estar\u00e3o presentes apenas para usu\u00e1rios do F\u00f3rum. Cadastre-se e fa\u00e7a parte dessa galera!<\/p>\n","protected":false},"excerpt":{"rendered":"<p>Disney Infinity Brasil tamb\u00e9m possui um t\u00f3pico oficial com uma base de jogadores presentes no F\u00f3rum UOL Jogos. Para se juntar com outros fans como voc\u00ea, acesse o T\u00f3pico Oficial que criei dentro do F\u00f3rum UOL Jogos. No t\u00f3pico voc\u00ea pode discutir mais a respeito do jogo e encontrar outras pessoas para participar de partidas [&hellip;]<\/p>\n","protected":false},"author":1,"featured_media":0,"parent":0,"menu_order":0,"comment_status":"open","ping_status":"open","template":"","meta":{"footnotes":""},"class_list":["post-272","page","type-page","status-publish","hentry"],"_links":{"self":[{"href":"https:\/\/matheuspitillo.com\/disneyinfinity\/wp-json\/wp\/v2\/pages\/272","targetHints":{"allow":["GET"]}}],"collection":[{"href":"https:\/\/matheuspitillo.com\/disneyinfinity\/wp-json\/wp\/v2\/pages"}],"about":[{"href":"https:\/\/matheuspitillo.com\/disneyinfinity\/wp-json\/wp\/v2\/types\/page"}],"author":[{"embeddable":true,"href":"https:\/\/matheuspitillo.com\/disneyinfinity\/wp-json\/wp\/v2\/users\/1"}],"replies":[{"embeddable":true,"href":"https:\/\/matheuspitillo.com\/disneyinfinity\/wp-json\/wp\/v2\/comments?post=272"}],"version-history":[{"count":1,"href":"https:\/\/matheuspitillo.com\/disneyinfinity\/wp-json\/wp\/v2\/pages\/272\/revisions"}],"predecessor-version":[{"id":273,"href":"https:\/\/matheuspitillo.com\/disneyinfinity\/wp-json\/wp\/v2\/pages\/272\/revisions\/273"}],"wp:attachment":[{"href":"https:\/\/matheuspitillo.com\/disneyinfinity\/wp-json\/wp\/v2\/media?parent=272"}],"curies":[{"name":"wp","href":"https:\/\/api.w.org\/{rel}","templated":true}]}}