{"id":285,"date":"2013-09-16T00:28:36","date_gmt":"2013-09-16T00:28:36","guid":{"rendered":"http:\/\/matheuspitillo.com\/disneyinfinity\/?page_id=285"},"modified":"2013-09-16T04:52:51","modified_gmt":"2013-09-16T04:52:51","slug":"figures","status":"publish","type":"page","link":"https:\/\/matheuspitillo.com\/disneyinfinity\/sobre\/figures\/","title":{"rendered":"Figures"},"content":{"rendered":"<p><img decoding=\"async\" alt=\"\" src=\"http:\/\/matheuspitillo.com\/disneyinfinity\/wp-content\/uploads\/2013\/09\/categ_lg_figures.png\" \/><\/p>\n<p style=\"text-align: justify;\">Disney Infinity \u00e9 o tipo de jogo que possui a inten\u00e7\u00e3o de existir e continuar lan\u00e7ando novas DLCs e conte\u00fado externo por um bom tempo. Com isso em mente, os desenvolvedores criaram as Waves de lan\u00e7amento. Em cada uma dessas novas waves, mais figures, mais Power Discs e mais Play Sets ser\u00e3o lan\u00e7ados.<\/p>\n<p style=\"text-align: justify;\"><strong><span style=\"color: #ff0000;\">::<\/span> FIGURES &#8211; WAVE 01:<\/strong><\/p>\n<p style=\"text-align: justify;\"><strong><\/strong>No lan\u00e7amento oficial do jogo foram revelados como parte da primeira Wave os Play Sets e Figures que voc\u00ea pode encontrar nas imagens abaixo. Para ver com mais detalhes, abra a imagem em tela cheia.<\/p>\n<p style=\"text-align: center;\"><img decoding=\"async\" alt=\"\" src=\"http:\/\/www.matheuspitillo.com\/wp-content\/uploads\/2013\/08\/figures_MU_v.jpg\" \/><\/p>\n<p style=\"text-align: center;\"><img decoding=\"async\" alt=\"\" src=\"http:\/\/www.matheuspitillo.com\/wp-content\/uploads\/2013\/08\/figures_incredibles_v.jpg\" \/><\/p>\n<p style=\"text-align: center;\"><img decoding=\"async\" alt=\"\" src=\"http:\/\/www.matheuspitillo.com\/wp-content\/uploads\/2013\/08\/figures_pirates_v.jpg\" \/><\/p>\n<p style=\"text-align: center;\"><img decoding=\"async\" alt=\"\" src=\"http:\/\/www.matheuspitillo.com\/wp-content\/uploads\/2013\/08\/figures_cars_v.jpg\" \/><\/p>\n<p style=\"text-align: center;\"><img decoding=\"async\" alt=\"\" src=\"http:\/\/www.matheuspitillo.com\/wp-content\/uploads\/2013\/08\/figures_loneRanger_v.jpg\" \/><\/p>\n<p style=\"text-align: justify;\"><strong><span style=\"color: #ff0000;\">::<\/span> FIGURES &#8211; WAVE 02:<\/strong><\/p>\n<p style=\"text-align: justify;\">At\u00e9 ent\u00e3o essas foram as Figures anunciadas para a segunda Wave do jogo. A previs\u00e3o de lan\u00e7amento \u00e9 para o meio de Outubro de 2013. Em exce\u00e7\u00e3o das personagens de <em>Toy Story<\/em>, a grande maioria das figures da segunda Wave, s\u00f3 ser\u00e3o jog\u00e1veis atrav\u00e9s do Modo Toy Box.<\/p>\n<p style=\"text-align: center;\"><img decoding=\"async\" alt=\"\" src=\"http:\/\/www.matheuspitillo.com\/wp-content\/uploads\/2013\/09\/wave02.png\" \/><\/p>\n","protected":false},"excerpt":{"rendered":"<p>Disney Infinity \u00e9 o tipo de jogo que possui a inten\u00e7\u00e3o de existir e continuar lan\u00e7ando novas DLCs e conte\u00fado externo por um bom tempo. Com isso em mente, os desenvolvedores criaram as Waves de lan\u00e7amento. Em cada uma dessas novas waves, mais figures, mais Power Discs e mais Play Sets ser\u00e3o lan\u00e7ados. :: FIGURES [&hellip;]<\/p>\n","protected":false},"author":1,"featured_media":0,"parent":154,"menu_order":0,"comment_status":"open","ping_status":"open","template":"","meta":{"footnotes":""},"class_list":["post-285","page","type-page","status-publish","hentry"],"_links":{"self":[{"href":"https:\/\/matheuspitillo.com\/disneyinfinity\/wp-json\/wp\/v2\/pages\/285","targetHints":{"allow":["GET"]}}],"collection":[{"href":"https:\/\/matheuspitillo.com\/disneyinfinity\/wp-json\/wp\/v2\/pages"}],"about":[{"href":"https:\/\/matheuspitillo.com\/disneyinfinity\/wp-json\/wp\/v2\/types\/page"}],"author":[{"embeddable":true,"href":"https:\/\/matheuspitillo.com\/disneyinfinity\/wp-json\/wp\/v2\/users\/1"}],"replies":[{"embeddable":true,"href":"https:\/\/matheuspitillo.com\/disneyinfinity\/wp-json\/wp\/v2\/comments?post=285"}],"version-history":[{"count":8,"href":"https:\/\/matheuspitillo.com\/disneyinfinity\/wp-json\/wp\/v2\/pages\/285\/revisions"}],"predecessor-version":[{"id":337,"href":"https:\/\/matheuspitillo.com\/disneyinfinity\/wp-json\/wp\/v2\/pages\/285\/revisions\/337"}],"up":[{"embeddable":true,"href":"https:\/\/matheuspitillo.com\/disneyinfinity\/wp-json\/wp\/v2\/pages\/154"}],"wp:attachment":[{"href":"https:\/\/matheuspitillo.com\/disneyinfinity\/wp-json\/wp\/v2\/media?parent=285"}],"curies":[{"name":"wp","href":"https:\/\/api.w.org\/{rel}","templated":true}]}}