{"id":288,"date":"2013-09-16T00:30:35","date_gmt":"2013-09-16T00:30:35","guid":{"rendered":"http:\/\/matheuspitillo.com\/disneyinfinity\/?page_id=288"},"modified":"2013-09-24T05:45:41","modified_gmt":"2013-09-24T05:45:41","slug":"power-discs","status":"publish","type":"page","link":"https:\/\/matheuspitillo.com\/disneyinfinity\/sobre\/power-discs\/","title":{"rendered":"Power Discs"},"content":{"rendered":"<p><img decoding=\"async\" alt=\"\" src=\"http:\/\/matheuspitillo.com\/disneyinfinity\/wp-content\/uploads\/2013\/09\/categ_lg_powerdiscs.png\" \/><\/p>\n<p style=\"text-align: justify;\">Os personagens e as Toy Boxes de Disney Infinity podem ser modificadas e customizadas a partir do uso de <strong>Power Discs<\/strong>. Os Power Discs s\u00e3o usados de maneiras diferentes dentro do jogo, aumentando as possibilidades de diversas maneiras. <strong>Power Discs Circulares<\/strong>\u00a0garantem habilidades e Power Ups para os seus personagens, que podem ser utilizados tanto nos Play Sets, quanto na Toy Box. <strong>Power Discs Hexagonais<\/strong>, por outro lado, destravam desde gadges, ve\u00edculos, montarias e at\u00e9 mesmo temas que ir\u00e3o ajudar ainda mais na personaliza\u00e7\u00e3o de suas Toy Boxes. Power Discs tamb\u00e9m podem ser combinados, gerando resultados ainda mais surpreendentes.<\/p>\n<p style=\"text-align: justify;\">Para a <strong>Wave 01<\/strong>\u00a0de lan\u00e7amento de Disney Infinity, foram anunciados o total de <strong>20 Power Discs<\/strong>, sendo 3 deles raros. Os <strong>Power Discs Raros<\/strong>\u00a0s\u00e3o de cor alaranjada, roxa ou vermelha e possuem a imagem em holograma.<\/p>\n<p><img decoding=\"async\" class=\"aligncenter\" alt=\"\" src=\"http:\/\/www.matheuspitillo.com\/wp-content\/uploads\/2013\/08\/PowerDiscs_packs.jpg\" \/><\/p>\n<p style=\"text-align: justify;\">Existem algumas outras lojas no exterior &#8211; como <em>Toy R Us<\/em>\u00a0e a <em>GameSpot<\/em> &#8211; que possuem os Power Discs exclusivos da loja, tornando ainda mais dif\u00edcil conseguir coletar todos eles.<\/p>\n<p><center><iframe loading=\"lazy\" src=\"\/\/www.youtube.com\/embed\/ko85O1GM2bg\" height=\"360\" width=\"640\" allowfullscreen=\"\" frameborder=\"0\"><\/iframe><\/center><\/p>\n<p style=\"text-align: justify;\">Power Discs s\u00e3o vendidos em pacotes contendo 2 deles, em um esquema que chamamos de &#8220;blind packs&#8221;. O nome blind pack vem pelo fato de que o jogador nunca sabe quais ser\u00e3o os dois Power Discs que vir\u00e3o dentro daquele pacote.<\/p>\n<p><img decoding=\"async\" class=\"aligncenter\" alt=\"\" src=\"http:\/\/www.matheuspitillo.com\/wp-content\/uploads\/2013\/08\/PowerDiscs_Wave01.jpg\" \/><br \/>\n<img decoding=\"async\" class=\"aligncenter\" alt=\"\" src=\"http:\/\/matheuspitillo.com\/disneyinfinity\/wp-content\/uploads\/2013\/09\/PowerDiscs_Wave02.jpg\" \/><\/p>\n<p style=\"text-align: justify;\"><strong><span style=\"color: #ff0000;\">::<\/span> COMBINANDO POWER DISCS:<\/strong><\/p>\n<p style=\"text-align: justify;\">Se voc\u00ea posicionar dois tipos diferentes de Power Discs, um em cima do outro e, embaixo do seu personagem, voc\u00ea pode em alguns momentos conseguir um bonus de efeito especial.<\/p>\n<p><img decoding=\"async\" class=\"aligncenter\" alt=\"\" src=\"http:\/\/www.matheuspitillo.com\/wp-content\/uploads\/2013\/08\/powerdisc_Combos.jpg\" \/><\/p>\n","protected":false},"excerpt":{"rendered":"<p>Os personagens e as Toy Boxes de Disney Infinity podem ser modificadas e customizadas a partir do uso de Power Discs. Os Power Discs s\u00e3o usados de maneiras diferentes dentro do jogo, aumentando as possibilidades de diversas maneiras. Power Discs Circulares\u00a0garantem habilidades e Power Ups para os seus personagens, que podem ser utilizados tanto nos [&hellip;]<\/p>\n","protected":false},"author":1,"featured_media":0,"parent":154,"menu_order":0,"comment_status":"open","ping_status":"open","template":"","meta":{"footnotes":""},"class_list":["post-288","page","type-page","status-publish","hentry"],"_links":{"self":[{"href":"https:\/\/matheuspitillo.com\/disneyinfinity\/wp-json\/wp\/v2\/pages\/288","targetHints":{"allow":["GET"]}}],"collection":[{"href":"https:\/\/matheuspitillo.com\/disneyinfinity\/wp-json\/wp\/v2\/pages"}],"about":[{"href":"https:\/\/matheuspitillo.com\/disneyinfinity\/wp-json\/wp\/v2\/types\/page"}],"author":[{"embeddable":true,"href":"https:\/\/matheuspitillo.com\/disneyinfinity\/wp-json\/wp\/v2\/users\/1"}],"replies":[{"embeddable":true,"href":"https:\/\/matheuspitillo.com\/disneyinfinity\/wp-json\/wp\/v2\/comments?post=288"}],"version-history":[{"count":8,"href":"https:\/\/matheuspitillo.com\/disneyinfinity\/wp-json\/wp\/v2\/pages\/288\/revisions"}],"predecessor-version":[{"id":425,"href":"https:\/\/matheuspitillo.com\/disneyinfinity\/wp-json\/wp\/v2\/pages\/288\/revisions\/425"}],"up":[{"embeddable":true,"href":"https:\/\/matheuspitillo.com\/disneyinfinity\/wp-json\/wp\/v2\/pages\/154"}],"wp:attachment":[{"href":"https:\/\/matheuspitillo.com\/disneyinfinity\/wp-json\/wp\/v2\/media?parent=288"}],"curies":[{"name":"wp","href":"https:\/\/api.w.org\/{rel}","templated":true}]}}