{"id":290,"date":"2013-09-16T00:30:56","date_gmt":"2013-09-16T00:30:56","guid":{"rendered":"http:\/\/matheuspitillo.com\/disneyinfinity\/?page_id=290"},"modified":"2013-09-16T05:20:36","modified_gmt":"2013-09-16T05:20:36","slug":"hall-of-heroes","status":"publish","type":"page","link":"https:\/\/matheuspitillo.com\/disneyinfinity\/sobre\/hall-of-heroes\/","title":{"rendered":"Hall of Heroes"},"content":{"rendered":"<p><img decoding=\"async\" alt=\"\" src=\"http:\/\/matheuspitillo.com\/disneyinfinity\/wp-content\/uploads\/2013\/09\/categ_lg_hall.png\" \/><\/p>\n<p style=\"text-align: justify;\">A <strong>Hall of Heroes<\/strong> \u00e9 uma \u00e1rea e feature do jogo no qual voc\u00ea pode ver o progresso dos seus personagens, assim como os Power Discs que voc\u00ea coletou at\u00e9 ent\u00e3o. Imagine esse lugar como a sua pr\u00f3pria &#8220;estante&#8221; virtual, em que voc\u00ea guarda a sua cole\u00e7\u00e3o e pode visit\u00e1-la a qualquer momento. Para visitar a Hall of Heroes basta voc\u00ea pisar no but\u00e3o roxo que fica no Disney Infinity Hub.<\/p>\n<p style=\"text-align: justify;\">Quando voc\u00ea visita a Hall of Heroes pela primeira vez, voc\u00ea vai perceber que o lugar est\u00e1 praticamente vazio, sem paredes, teto, natureza etc. Por\u00e9m, ao progredir no jogo, aumentar o level dos seus personagens ou coletar mais Figures e Power Discs, voc\u00ea vai perceber que as paredes do lugar come\u00e7am a se formar e voc\u00ea come\u00e7a a construir a sua Hall of Heroes.<\/p>\n<p><img decoding=\"async\" class=\"aligncenter\" alt=\"\" src=\"http:\/\/www.matheuspitillo.com\/wp-content\/uploads\/2013\/08\/hall_01.jpg\" \/><\/p>\n<p style=\"text-align: justify;\">Ao coletar novos Power Discs eles surgir\u00e3o no ch\u00e3o da Hall of Heroes, enquanto as Figures\/Personagens surgem ao redor do local, em formato de est\u00e1tuas que variam entre <strong>Bronze, Prata<\/strong> e <strong>Ouro<\/strong>. Se voc\u00ea se aproximar de um desses itens, voc\u00ea pode ver mais detalhes sobre eles, inclusive o que os Power Discs fazem.<\/p>\n<p><img decoding=\"async\" class=\"aligncenter\" alt=\"\" src=\"http:\/\/www.matheuspitillo.com\/wp-content\/uploads\/2013\/08\/hall_02.jpg\" \/><\/p>\n<p style=\"text-align: justify;\">Assim que um dos seus personagens alcan\u00e7am o Level 01, uma est\u00e1tua de bronze desse seu personagem ir\u00e1 surgir em um dos pedestais. Chegando ao Level 05 a est\u00e1tua mudar\u00e1 para Prata. E, finalmente, no Level 10 o seu personagem ter\u00e1 a est\u00e1tua de Ouro.<\/p>\n<p><img decoding=\"async\" class=\"aligncenter\" alt=\"\" src=\"http:\/\/www.matheuspitillo.com\/wp-content\/uploads\/2013\/08\/hall_04.jpg\" \/><\/p>\n<p style=\"text-align: justify;\">Algumas lojas da Am\u00e9rica do Norte ou de outras regi\u00f5es do exterior est\u00e3o vendendo Figures especiais &#8211; chamadas de Crystal &#8211; de alguns dos personagens do jogo. At\u00e9 ent\u00e3o o \u00fanico personagem lan\u00e7ado foi a vers\u00e3o <em>Crystal de Lightning McQueen<\/em>. Assim como as outras figures, a Hall of Heroes tamb\u00e9m t\u00eam um espa\u00e7o reservado para as figures da s\u00e9rie Crystal.<\/p>\n<p style=\"text-align: justify;\">Finalmente, se voc\u00ea completar a sua cole\u00e7\u00e3o de 29 personagens e evolu\u00ed-los pelo menos at\u00e9 o Level 01, um item especial vai aparecer na \u00e1rea central da fonte de \u00e1gua da Hall of Fame e, tamb\u00e9m ir\u00e1 desbloquear o Ultimate Pack que pode ser usado por qualquer personagem que n\u00e3o seja da s\u00e9rie Cars.<\/p>\n<p><img decoding=\"async\" class=\"aligncenter\" alt=\"\" src=\"http:\/\/www.matheuspitillo.com\/wp-content\/uploads\/2013\/08\/hall_03.jpg\" \/><\/p>\n<p style=\"text-align: justify;\">Abaixo voc\u00ea pode encontrar a lista de evolu\u00e7\u00e3o da Hall of Heroes, baseado na quantidade de estrelas coletadas no jogo:<\/p>\n<p style=\"text-align: justify;\"><strong>Fase 01- 01 Estrela:<\/strong> adiciona alguns detalhes no ch\u00e3o;<br \/>\n<strong>Fase 02 &#8211; 04 Estrelas:<\/strong> adiciona algumas paredes iniciais;<br \/>\n<strong>Fase 03 &#8211; 09 Estrelas:<\/strong> adiciona algumas plantas no interior;<br \/>\n<strong>Fase 04 &#8211; 16 Estrelas:<\/strong> adiciona colunas na \u00e1rea exterior;<br \/>\n<strong>Fase 05 &#8211; 25 Estrelas:<\/strong> adiciona plantas na parte inferior interna;<br \/>\n<strong>Fase 06 &#8211; 37 Estrelas:<\/strong> adiciona colunas no interior e um anel em torno do topo;<br \/>\n<strong>Fase 07 &#8211; 52 Estrelas:<\/strong> adiciona um domo no topo;<br \/>\n<strong>Fase 08 &#8211; 70 Estrelas:<\/strong> adiciona plantas na \u00e1rea exterior;<br \/>\n<strong>Fase 09 &#8211; 92 Estrelas:<\/strong> adiciona est\u00e1tuas no anel superior;<br \/>\n<strong>Fase 10 &#8211; 118 Estrelas:<\/strong> adiciona plantas no domo;<br \/>\n<strong>Fase 11 &#8211; 148 Estrelas:<\/strong> pendura banners na parte inferior;<br \/>\n<strong>Fase 12 &#8211; 183 Estrelas:<\/strong> adiciona um jardim exterior e uma \u00e1rvore central com um pequeno rio;<br \/>\n<strong>Fase 13 &#8211; 223 Estrelas:<\/strong> adiciona um jardim exterior com est\u00e1tuas de pessoas;<br \/>\n<strong>Fase 14 &#8211; 268 Estrelas:<\/strong> adiciona outro anel superior e mais plantas no exterior;<br \/>\n<strong>Fase 15 &#8211; 318 Estrelas:<\/strong> adiciona banners no andar superior.<\/p>\n","protected":false},"excerpt":{"rendered":"<p>A Hall of Heroes \u00e9 uma \u00e1rea e feature do jogo no qual voc\u00ea pode ver o progresso dos seus personagens, assim como os Power Discs que voc\u00ea coletou at\u00e9 ent\u00e3o. Imagine esse lugar como a sua pr\u00f3pria &#8220;estante&#8221; virtual, em que voc\u00ea guarda a sua cole\u00e7\u00e3o e pode visit\u00e1-la a qualquer momento. Para visitar [&hellip;]<\/p>\n","protected":false},"author":1,"featured_media":0,"parent":154,"menu_order":0,"comment_status":"open","ping_status":"open","template":"","meta":{"footnotes":""},"class_list":["post-290","page","type-page","status-publish","hentry"],"_links":{"self":[{"href":"https:\/\/matheuspitillo.com\/disneyinfinity\/wp-json\/wp\/v2\/pages\/290","targetHints":{"allow":["GET"]}}],"collection":[{"href":"https:\/\/matheuspitillo.com\/disneyinfinity\/wp-json\/wp\/v2\/pages"}],"about":[{"href":"https:\/\/matheuspitillo.com\/disneyinfinity\/wp-json\/wp\/v2\/types\/page"}],"author":[{"embeddable":true,"href":"https:\/\/matheuspitillo.com\/disneyinfinity\/wp-json\/wp\/v2\/users\/1"}],"replies":[{"embeddable":true,"href":"https:\/\/matheuspitillo.com\/disneyinfinity\/wp-json\/wp\/v2\/comments?post=290"}],"version-history":[{"count":3,"href":"https:\/\/matheuspitillo.com\/disneyinfinity\/wp-json\/wp\/v2\/pages\/290\/revisions"}],"predecessor-version":[{"id":347,"href":"https:\/\/matheuspitillo.com\/disneyinfinity\/wp-json\/wp\/v2\/pages\/290\/revisions\/347"}],"up":[{"embeddable":true,"href":"https:\/\/matheuspitillo.com\/disneyinfinity\/wp-json\/wp\/v2\/pages\/154"}],"wp:attachment":[{"href":"https:\/\/matheuspitillo.com\/disneyinfinity\/wp-json\/wp\/v2\/media?parent=290"}],"curies":[{"name":"wp","href":"https:\/\/api.w.org\/{rel}","templated":true}]}}