{"id":292,"date":"2013-09-16T00:31:14","date_gmt":"2013-09-16T00:31:14","guid":{"rendered":"http:\/\/matheuspitillo.com\/disneyinfinity\/?page_id=292"},"modified":"2013-09-16T05:26:51","modified_gmt":"2013-09-16T05:26:51","slug":"toys","status":"publish","type":"page","link":"https:\/\/matheuspitillo.com\/disneyinfinity\/sobre\/toys\/","title":{"rendered":"Toys"},"content":{"rendered":"<p><img decoding=\"async\" alt=\"\" src=\"http:\/\/matheuspitillo.com\/disneyinfinity\/wp-content\/uploads\/2013\/09\/categ_lg_toys.png\" \/><\/p>\n<p style=\"text-align: justify;\">Existem mais de 1000 Toys para colecionar e usar na Toy Box de Disney Infinity. Alguns desses brinquedos s\u00e3o dispon\u00edveis logo ao iniciar o jogo pela primeira vez. Quanto aos outros, voc\u00ea pode colecionar utilizando suas moedas no Disney Infinity Toy Box Vault. Uma outra alternativa \u00e9 coletando tamb\u00e9m esses itens dentro de cada um dos espec\u00edficos Play Sets. Com o lan\u00e7amento de novos personagens e Play Sets, mais Toys ir\u00e3o surgir futuramente.<\/p>\n<p style=\"text-align: justify;\">Ao todo voc\u00ea pode encontrar 18 categor\u00edas de Toys\/Brinquedos. Antes de come\u00e7ar a construir as sua Toy Box, \u00e9 importante saber que tipo de Toy voc\u00ea desbloqueou, para s\u00f3 assim come\u00e7ar a criar.<\/p>\n<p><img decoding=\"async\" class=\"aligncenter\" alt=\"\" src=\"http:\/\/www.matheuspitillo.com\/wp-content\/uploads\/2013\/08\/toys.jpg\" \/><\/p>\n<p style=\"text-align: justify;\">A quantidade de Toys a sua disposi\u00e7\u00e3o vai aumentando de acordo com sua progress\u00e3o ao colet\u00e1-los no jogo.<\/p>\n<p style=\"text-align: justify;\"><strong>Terreno:<\/strong> O terreno \u00e9 na verdade o ch\u00e3o da sua Toy Box. Tudo que voc\u00ea quiser criar vai ser colocado em cima do terreno. Voc\u00ea conseguir\u00e1 criar desde cavernas, montanhas, estradas, pista de corridas e muito mais.<\/p>\n<p style=\"text-align: justify;\"><strong>Sets de Constru\u00e7\u00e3o:<\/strong> Com os Sets de Constru\u00e7\u00e3o voc\u00ea \u00e9 capaz de un\u00ed-los, criando uma constru\u00e7\u00e3o ainda maior. Voc\u00ea pode desbloquea-los atrav\u00e9s de itens nos Play Sets, ou coletando-os dentro do Toy Box Vault. Stadiums e cidades s\u00e3o criadas a partir desses sets.<\/p>\n<p style=\"text-align: justify;\"><strong>Pr\u00e9dios:<\/strong> Voc\u00ea n\u00e3o precisa criar um pr\u00e9dio. Basta voc\u00ea desbloquea-lo e utiliza-lo da melhor maneira poss\u00edvel, variando as cores, tamanhos e formatos.<\/p>\n<p style=\"text-align: justify;\"><strong>Set Pieces:<\/strong> Digamos sue as Set Pieces s\u00e3o brinquedos maiores que ir\u00e3o chamar mais a aten\u00e7\u00e3o dos outros visitantes da sua Toy Box. Set Pieces variam entre constru\u00e7\u00f5es conhecidas de Parques da Disney, Filmes, Jogos ou qualquer outro show famoso.<\/p>\n<p style=\"text-align: justify;\"><strong>Brinquedos B\u00e1sicos:<\/strong> Esses s\u00e3o os Toys que n\u00e3o entram em nenhuma outra categoria. Alguns s\u00e3o interativos, alguns n\u00e3o. De qualquer forma muitos deles s\u00e3o bem divertidos.<\/p>\n<p style=\"text-align: justify;\"><strong>Brinquedos de A\u00e7\u00e3o:<\/strong> Esses brinquedos permitem certas a\u00e7\u00f5es, criando jogos e desafios para voc\u00ea e seus amigos. Combinados com os Brinquedos Criativos, os Brinquedos de A\u00e7\u00e3o se comportam ainda melhor.<\/p>\n<p style=\"text-align: justify;\"><strong>Brinquedos Criativos:\u00a0<\/strong>Esses tipos de brinquedos podem ser programados de acordo com alguma fun\u00e7\u00e3o em espec\u00edfico, para ter um comportamento diferente no jogo. Existem tutoriais no jogo que ensina os jogadores a como utilizar esses brinquedos.<\/p>\n<p style=\"text-align: justify;\"><strong>Pe\u00e7as de estrada:<\/strong> Essas pe\u00e7as incluem pistas de corrida, estradas etc, que facilitam sua constru\u00e7\u00e3o de gameplay voltado a carros e corridas.<\/p>\n<p style=\"text-align: justify;\"><strong>Brinquedos esportivos:<\/strong> Esses brinquedos podem ser criados para iniciar jogos esportivos com seus amigos. Combinados com os Brinquedos Criativos, voc\u00ea pode construir jogos de futebol, futebol americano etc.<\/p>\n<p style=\"text-align: justify;\"><strong>Plantas:<\/strong> Voc\u00ea pode customizar a sua Toy Box adicionando \u00e1rvores, plantas, arbustos etc. Algumas dessas plantas ter\u00e3o temas espec\u00edficos.<\/p>\n<p style=\"text-align: justify;\"><strong>Decora\u00e7\u00f5es:<\/strong> Basicamente as decora\u00e7\u00f5es servem para &#8220;completar&#8221; aquele espa\u00e7o vazio da sua Toy Box. Algumas dessas decora\u00e7\u00f5es s\u00e3o destrutivas.<\/p>\n<p style=\"text-align: justify;\"><strong>Ve\u00edculos:<\/strong> Variando desde de Montaria, at\u00e9 carros e ve\u00edculos voadores, esse tipo de brinquedo serve para se locomover de diversas maneiras diferentes.<\/p>\n<p><img decoding=\"async\" class=\"aligncenter\" alt=\"\" src=\"http:\/\/www.matheuspitillo.com\/wp-content\/uploads\/2013\/08\/gadges.jpg\" \/><\/p>\n<p style=\"text-align: justify;\"><strong>Cast Members:<\/strong> Esse tipo de brinquedo \u00e9 destravado nos Play Sets. Eles servem apenas para adicionar um brilho a mais no jogo, fazendo parte da sua Toy Box.<\/p>\n<p style=\"text-align: justify;\"><strong>Townspeople:<\/strong> Similar dos Cast Members, esse brinquedo tamb\u00e9m existe para completar o visual da sua Toy Box. Eles se vestem como outros personagens da Disney e gostam de serem arremessados de um lado para o outro.<\/p>\n<p style=\"text-align: justify;\"><strong>Pequenos Animais:<\/strong> Assim como os Townspeople, eles v\u00e3o apenas acrescentar um volume e visual para a sua Toy Box. A diferen\u00e7a \u00e9 que eles s\u00e3o mais \u00e1geis.<\/p>\n<p style=\"text-align: justify;\"><strong>Triggers:<\/strong> Um dos brinquedos bem importantes da Toy Box, os triggers criam links entre Brinquedos Criativos, a partir do pressionar de um bot\u00e3o. Triggers podem ser linkados ao toque de Jogadores ou de AI, ativando outros links e resultados no jogo.<\/p>\n","protected":false},"excerpt":{"rendered":"<p>Existem mais de 1000 Toys para colecionar e usar na Toy Box de Disney Infinity. Alguns desses brinquedos s\u00e3o dispon\u00edveis logo ao iniciar o jogo pela primeira vez. Quanto aos outros, voc\u00ea pode colecionar utilizando suas moedas no Disney Infinity Toy Box Vault. Uma outra alternativa \u00e9 coletando tamb\u00e9m esses itens dentro de cada um [&hellip;]<\/p>\n","protected":false},"author":1,"featured_media":0,"parent":154,"menu_order":0,"comment_status":"open","ping_status":"open","template":"","meta":{"footnotes":""},"class_list":["post-292","page","type-page","status-publish","hentry"],"_links":{"self":[{"href":"https:\/\/matheuspitillo.com\/disneyinfinity\/wp-json\/wp\/v2\/pages\/292","targetHints":{"allow":["GET"]}}],"collection":[{"href":"https:\/\/matheuspitillo.com\/disneyinfinity\/wp-json\/wp\/v2\/pages"}],"about":[{"href":"https:\/\/matheuspitillo.com\/disneyinfinity\/wp-json\/wp\/v2\/types\/page"}],"author":[{"embeddable":true,"href":"https:\/\/matheuspitillo.com\/disneyinfinity\/wp-json\/wp\/v2\/users\/1"}],"replies":[{"embeddable":true,"href":"https:\/\/matheuspitillo.com\/disneyinfinity\/wp-json\/wp\/v2\/comments?post=292"}],"version-history":[{"count":3,"href":"https:\/\/matheuspitillo.com\/disneyinfinity\/wp-json\/wp\/v2\/pages\/292\/revisions"}],"predecessor-version":[{"id":350,"href":"https:\/\/matheuspitillo.com\/disneyinfinity\/wp-json\/wp\/v2\/pages\/292\/revisions\/350"}],"up":[{"embeddable":true,"href":"https:\/\/matheuspitillo.com\/disneyinfinity\/wp-json\/wp\/v2\/pages\/154"}],"wp:attachment":[{"href":"https:\/\/matheuspitillo.com\/disneyinfinity\/wp-json\/wp\/v2\/media?parent=292"}],"curies":[{"name":"wp","href":"https:\/\/api.w.org\/{rel}","templated":true}]}}