{"id":294,"date":"2013-09-16T00:31:32","date_gmt":"2013-09-16T00:31:32","guid":{"rendered":"http:\/\/matheuspitillo.com\/disneyinfinity\/?page_id=294"},"modified":"2013-09-16T05:29:43","modified_gmt":"2013-09-16T05:29:43","slug":"precos-e-packs","status":"publish","type":"page","link":"https:\/\/matheuspitillo.com\/disneyinfinity\/sobre\/precos-e-packs\/","title":{"rendered":"Pre\u00e7os e Packs"},"content":{"rendered":"<p><img decoding=\"async\" alt=\"\" src=\"http:\/\/matheuspitillo.com\/disneyinfinity\/wp-content\/uploads\/2013\/09\/categ_lg_precos.png\" \/><\/p>\n<p style=\"text-align: justify;\">Como todos sabem, os pre\u00e7os de produtos eletr\u00f4nicos variam muito entre o Brasil e os outros pa\u00edses do exterior. Disney Infinity n\u00e3o \u00e9 diferente e os pre\u00e7os continuam absurdos.<\/p>\n<p style=\"text-align: justify;\">Esse espa\u00e7o do t\u00f3pico vai ser atualizado constantemente, em paralelo com novas not\u00edcias que sa\u00edrem em rela\u00e7\u00e3o aos pre\u00e7os dos packs no Brasil. Veja abaixo os produtos, acess\u00f3rios e pre\u00e7os que foram anunciados at\u00e9 ent\u00e3o.<\/p>\n<p><img decoding=\"async\" class=\"aligncenter\" alt=\"\" src=\"http:\/\/www.matheuspitillo.com\/wp-content\/uploads\/2013\/08\/precos_packs.jpg\" \/><\/p>\n<p style=\"text-align: justify;\">Alguns acess\u00f3rios tamb\u00e9m j\u00e1 foram anunciados &#8211; e est\u00e3o \u00e0 venda no exterior &#8211; oferecendo mais motivos para os fan\u00e1ticos colecionadores gastarem o seu dinheiro.<\/p>\n<p style=\"text-align: justify;\">Acess\u00f3rios variam desde um \u00e1lbum para colecionar e manter todos os Power Discs coletados at\u00e9 ent\u00e3o; showcases para apresentar os seus figures de maneira mais elegante, ou at\u00e9 mesmo uma mochila para carregar o seu Disney Infinity para todos os lados. Existem algumas lojas no exterior, como por exemplo Toys R Us e GameStop que est\u00e3o vendendo alguns itens a mais e exclusivos, como diferentes varia\u00e7\u00f5es dos \u00e1lbuns de Power Disc, at\u00e9 mesmo figures da s\u00e9rie Crystal, que possui um acabamento especial.<\/p>\n<p><img decoding=\"async\" class=\"aligncenter\" alt=\"\" src=\"http:\/\/www.matheuspitillo.com\/wp-content\/uploads\/2013\/08\/precos_acessorios.jpg\" \/><\/p>\n<p style=\"text-align: justify;\">Entre os 3-Pack Figures, at\u00e9 ent\u00e3o foram lan\u00e7ados apenas as vers\u00f5es Villains Pack e SideKick Pack, que pelo nome j\u00e1 d\u00e1 para entender que entre os Figures voc\u00ea pode encontrar os bonzinhos e os vil\u00f5es.<\/p>\n<p><img decoding=\"async\" class=\"aligncenter\" alt=\"\" src=\"http:\/\/www.matheuspitillo.com\/wp-content\/uploads\/2013\/08\/3pack_figures.jpg\" \/><\/p>\n<p style=\"text-align: justify;\">Recentemente foi anunciado que em breve teremos um novo 3-Pack Figures chamado Girl Power. Esse novo pack vai conter Rapunzel, Venellope e Violet no mesmo Pack.<\/p>\n","protected":false},"excerpt":{"rendered":"<p>Como todos sabem, os pre\u00e7os de produtos eletr\u00f4nicos variam muito entre o Brasil e os outros pa\u00edses do exterior. Disney Infinity n\u00e3o \u00e9 diferente e os pre\u00e7os continuam absurdos. Esse espa\u00e7o do t\u00f3pico vai ser atualizado constantemente, em paralelo com novas not\u00edcias que sa\u00edrem em rela\u00e7\u00e3o aos pre\u00e7os dos packs no Brasil. Veja abaixo os [&hellip;]<\/p>\n","protected":false},"author":1,"featured_media":0,"parent":154,"menu_order":0,"comment_status":"open","ping_status":"open","template":"","meta":{"footnotes":""},"class_list":["post-294","page","type-page","status-publish","hentry"],"_links":{"self":[{"href":"https:\/\/matheuspitillo.com\/disneyinfinity\/wp-json\/wp\/v2\/pages\/294","targetHints":{"allow":["GET"]}}],"collection":[{"href":"https:\/\/matheuspitillo.com\/disneyinfinity\/wp-json\/wp\/v2\/pages"}],"about":[{"href":"https:\/\/matheuspitillo.com\/disneyinfinity\/wp-json\/wp\/v2\/types\/page"}],"author":[{"embeddable":true,"href":"https:\/\/matheuspitillo.com\/disneyinfinity\/wp-json\/wp\/v2\/users\/1"}],"replies":[{"embeddable":true,"href":"https:\/\/matheuspitillo.com\/disneyinfinity\/wp-json\/wp\/v2\/comments?post=294"}],"version-history":[{"count":3,"href":"https:\/\/matheuspitillo.com\/disneyinfinity\/wp-json\/wp\/v2\/pages\/294\/revisions"}],"predecessor-version":[{"id":352,"href":"https:\/\/matheuspitillo.com\/disneyinfinity\/wp-json\/wp\/v2\/pages\/294\/revisions\/352"}],"up":[{"embeddable":true,"href":"https:\/\/matheuspitillo.com\/disneyinfinity\/wp-json\/wp\/v2\/pages\/154"}],"wp:attachment":[{"href":"https:\/\/matheuspitillo.com\/disneyinfinity\/wp-json\/wp\/v2\/media?parent=294"}],"curies":[{"name":"wp","href":"https:\/\/api.w.org\/{rel}","templated":true}]}}