{"id":308,"date":"2013-09-16T00:54:38","date_gmt":"2013-09-16T00:54:38","guid":{"rendered":"http:\/\/matheuspitillo.com\/disneyinfinity\/?page_id=308"},"modified":"2013-09-16T01:41:21","modified_gmt":"2013-09-16T01:41:21","slug":"perguntas-frequentes","status":"publish","type":"page","link":"https:\/\/matheuspitillo.com\/disneyinfinity\/perguntas-frequentes\/","title":{"rendered":"Perguntas Frequentes"},"content":{"rendered":"<p><img decoding=\"async\" alt=\"\" src=\"http:\/\/matheuspitillo.com\/disneyinfinity\/wp-content\/uploads\/2013\/09\/categ_faq.png\" \/><br \/>\n<div id=\"accordion\" class=\"accordion span7\">\n    \n                                <div class=\"group accordion-group\">\n                <div class=\"heading  bold accordion-heading\">\n                    <div class=\"toggle accordion-toggle\" data-target=\"#item1\" data-toggle=\"collapse\" data-parent=\"#accordion\">\n                        <div class=\"acc_icon right\"><span class=\"plus dib\">-<\/span><\/div>\n                        <span>O que \u00e9 Disney Infinity?<\/span>\n                    <\/div>\n                <\/div>\n                <div id=\"item1\" class=\"acc_body accordion-body collapse \">\n                    <div class=\"inner accordion-inner\">\n        <p align=\"justify\">Disney Infinity \u00e9 um jogo de v\u00eddeo-game que introduz toda uma nova maneira de jogar, ultrapassando barreiras de liberdade e oportunidades infinitas de criar suas pr\u00f3prias hist\u00f3rias e experi\u00eancias gameplay, estrelando seus amados personagens da Disney. Nos consoles, voc\u00ea pode jogar utilizando os Play Sets criados pela Disney, ou voc\u00ea pode criar o seus pr\u00f3prios Levels e Toy Boxes. J\u00e1 nos PCs e Tablets voc\u00ea pode jogar o modo de jogo Toy Box. Para mais detalhes, leia a p\u00e1gina principal desse site.                    <\/div>\n                <\/div>\n            <\/div>\n                                <div class=\"group accordion-group\">\n                <div class=\"heading  bold accordion-heading\">\n                    <div class=\"toggle accordion-toggle\" data-target=\"#item2\" data-toggle=\"collapse\" data-parent=\"#accordion\">\n                        <div class=\"acc_icon right\"><span class=\"plus dib\">-<\/span><\/div>\n                        <span>O que \u00e9 o Starter Pack?<\/span>\n                    <\/div>\n                <\/div>\n                <div id=\"item2\" class=\"acc_body accordion-body collapse \">\n                    <div class=\"inner accordion-inner\">\n        <p align=\"justify\">O Starter Pack \u00e9 o pacote inicial do jogo, no qual cont\u00e9m todas as pe\u00e7as necess\u00e1rias para jogar o jogo. Ao comprar o Starter Pack o mesmo oferece um Power Disc e tr\u00eas dos personagens\/figures do Mundo da Disney: Jack Sparrow, Sulley e Mr. Incredible. Junto com os personagens voc\u00ea tamb\u00e9m ir\u00e1 adquirir uma pe\u00e7a de Play Set contendo 3 universos - sendo cada um espec\u00edfico do personagem listado anteriormente - no qual oferecem as miss\u00f5es e fases originais do jogo. Assim como em Skylanders, o jogador precisa colocar a pe\u00e7a de Play Set em cima da base de Disney Infinity - que tamb\u00e9m vem com o Starter Pack - para poder finalmente acessar esses 3 Universos. E, o mesmo funciona com os personagens. Cada personagem que for posicionado em cima da DI Base ir\u00e1 \"criar vida\" virtualmente dentro do jogo.                     <\/div>\n                <\/div>\n            <\/div>\n                                <div class=\"group accordion-group\">\n                <div class=\"heading  bold accordion-heading\">\n                    <div class=\"toggle accordion-toggle\" data-target=\"#item3\" data-toggle=\"collapse\" data-parent=\"#accordion\">\n                        <div class=\"acc_icon right\"><span class=\"plus dib\">-<\/span><\/div>\n                        <span>Qual a diferen\u00e7a entre Figure, Play Set e Power Disc?<\/span>\n                    <\/div>\n                <\/div>\n                <div id=\"item3\" class=\"acc_body accordion-body collapse \">\n                    <div class=\"inner accordion-inner\">\n        <p align=\"justify\">As Figures s\u00e3o as est\u00e1tuas reais dos seus personagens do jogo. Para jogar como um personagem, \u00e9 necess\u00e1rio ter a Figure do mesmo. Os Play Sets s\u00e3o pequenas pe\u00e7as transparentes que cont\u00e9m os dados dos Universos \/ Fases do jogo. Cada Play Set possu\u00ed um jogo completo baseado em uma das s\u00e9ries animadas da Disney. Finalmente, os Power Discs s\u00e3o discos que ao utiliz\u00e1-los embaixo da Figure na Base do Jogo, eles d\u00e3o mais status para o personagem dentro do jogo. Ao combinar mais de um Power Disc, os resultados podem ser ainda maiores.                    <\/div>\n                <\/div>\n            <\/div>\n                                <div class=\"group accordion-group\">\n                <div class=\"heading  bold accordion-heading\">\n                    <div class=\"toggle accordion-toggle\" data-target=\"#item4\" data-toggle=\"collapse\" data-parent=\"#accordion\">\n                        <div class=\"acc_icon right\"><span class=\"plus dib\">-<\/span><\/div>\n                        <span>Eu posso levar a minha Figure na casa de um amigo e jogar por l\u00e1?<\/span>\n                    <\/div>\n                <\/div>\n                <div id=\"item4\" class=\"acc_body accordion-body collapse \">\n                    <div class=\"inner accordion-inner\">\n        <p align=\"justify\">Sim! Os seus dados s\u00e3o salvos tanto no seu console principal, como tamb\u00e9m na mem\u00f3ria interna da sua Figure. Figures e Power Discs podem ser usados entre diferentes consoles.                    <\/div>\n                <\/div>\n            <\/div>\n                                <div class=\"group accordion-group\">\n                <div class=\"heading  bold accordion-heading\">\n                    <div class=\"toggle accordion-toggle\" data-target=\"#item5\" data-toggle=\"collapse\" data-parent=\"#accordion\">\n                        <div class=\"acc_icon right\"><span class=\"plus dib\">-<\/span><\/div>\n                        <span>O que \"Take Ownership\" e \"Guest\" significa?<\/span>\n                    <\/div>\n                <\/div>\n                <div id=\"item5\" class=\"acc_body accordion-body collapse \">\n                    <div class=\"inner accordion-inner\">\n        <p align=\"justify\">Se voc\u00ea \"Take Ownership\" de uma Figure do jogo, isso far\u00e1 com que a exper\u00eancia da sua Figure seja resetada. Se voc\u00ea jogar como \"Guest\", voc\u00ea continuar\u00e1 a aumentar a experi\u00eancia da Figure a partir do level em que ela j\u00e1 estava.                    <\/div>\n                <\/div>\n            <\/div>\n                                <div class=\"group accordion-group\">\n                <div class=\"heading  bold accordion-heading\">\n                    <div class=\"toggle accordion-toggle\" data-target=\"#item6\" data-toggle=\"collapse\" data-parent=\"#accordion\">\n                        <div class=\"acc_icon right\"><span class=\"plus dib\">-<\/span><\/div>\n                        <span>O que acontece se algu\u00e9m \"Takes Ownership\" da minha Figure?<\/span>\n                    <\/div>\n                <\/div>\n                <div id=\"item6\" class=\"acc_body accordion-body collapse \">\n                    <div class=\"inner accordion-inner\">\n        <p align=\"justify\">Todo o seu progresso de jogo tamb\u00e9m est\u00e1 salvo dentro do seu pr\u00f3prio console. Quando o seu amigo lhe entregar a sua Figure de volta, a Figure reconhecer\u00e1 o seu progresso e level anterior.                    <\/div>\n                <\/div>\n            <\/div>\n                                <div class=\"group accordion-group\">\n                <div class=\"heading  bold accordion-heading\">\n                    <div class=\"toggle accordion-toggle\" data-target=\"#item7\" data-toggle=\"collapse\" data-parent=\"#accordion\">\n                        <div class=\"acc_icon right\"><span class=\"plus dib\">-<\/span><\/div>\n                        <span>E se eu perder ou quebrar a minha Figure?<\/span>\n                    <\/div>\n                <\/div>\n                <div id=\"item7\" class=\"acc_body accordion-body collapse \">\n                    <div class=\"inner accordion-inner\">\n        <p align=\"justify\">Voc\u00ea n\u00e3o perder\u00e1 o progresso da sua Figure no caso de perd\u00ea-la ou quebr\u00e1-la, pois seu progresso tamb\u00e9m est\u00e1 salvo dentro do seu pr\u00f3prio console.                    <\/div>\n                <\/div>\n            <\/div>\n        \n\n<\/div><\/p>\n","protected":false},"excerpt":{"rendered":"","protected":false},"author":1,"featured_media":0,"parent":0,"menu_order":0,"comment_status":"open","ping_status":"open","template":"","meta":{"footnotes":""},"class_list":["post-308","page","type-page","status-publish","hentry"],"_links":{"self":[{"href":"https:\/\/matheuspitillo.com\/disneyinfinity\/wp-json\/wp\/v2\/pages\/308","targetHints":{"allow":["GET"]}}],"collection":[{"href":"https:\/\/matheuspitillo.com\/disneyinfinity\/wp-json\/wp\/v2\/pages"}],"about":[{"href":"https:\/\/matheuspitillo.com\/disneyinfinity\/wp-json\/wp\/v2\/types\/page"}],"author":[{"embeddable":true,"href":"https:\/\/matheuspitillo.com\/disneyinfinity\/wp-json\/wp\/v2\/users\/1"}],"replies":[{"embeddable":true,"href":"https:\/\/matheuspitillo.com\/disneyinfinity\/wp-json\/wp\/v2\/comments?post=308"}],"version-history":[{"count":5,"href":"https:\/\/matheuspitillo.com\/disneyinfinity\/wp-json\/wp\/v2\/pages\/308\/revisions"}],"predecessor-version":[{"id":324,"href":"https:\/\/matheuspitillo.com\/disneyinfinity\/wp-json\/wp\/v2\/pages\/308\/revisions\/324"}],"wp:attachment":[{"href":"https:\/\/matheuspitillo.com\/disneyinfinity\/wp-json\/wp\/v2\/media?parent=308"}],"curies":[{"name":"wp","href":"https:\/\/api.w.org\/{rel}","templated":true}]}}