{"id":73,"date":"2013-07-15T11:47:58","date_gmt":"2013-07-15T11:47:58","guid":{"rendered":"http:\/\/teslathemes.com\/demo\/wp\/winterfell\/?page_id=73"},"modified":"2013-09-17T08:25:04","modified_gmt":"2013-09-17T08:25:04","slug":"about","status":"publish","type":"page","link":"https:\/\/matheuspitillo.com\/disneyinfinity\/about\/","title":{"rendered":"DI Brasil"},"content":{"rendered":"<p style=\"text-align: justify;\"><strong>Disney Infinity Brasil<\/strong> \u00e9 o primeiro site Brasileiro focado na mais nova febre digital que se tornou um fen\u00f3meno de vendas Mundial: o jogo <strong>Disney Infinity<\/strong>.<\/p>\n<p style=\"text-align: justify;\">Feito de um Fan, para outros fans, o site tenta trazer todas as novidades sobre o jogo e, ao mesmo tempo informar tudo relacionado ao mesmo. Por aqui voc\u00ea pode encontrar desde detalhes relacionados \u00e0 cada Play Set do jogo, Figures, Power Discs, Toy Boxes, fotos e at\u00e9 mesmo Campeonatos.<\/p>\n<p style=\"text-align: justify;\">Para se juntar com outros fans como voc\u00ea, acesse o <span style=\"color: #333399;\"><a href=\"http:\/\/forum.jogos.uol.com.br\/oficial---disney-infinity---1-campeonato--premios_t_2689266\" target=\"_blank\"><span style=\"color: #333399;\">T\u00f3pico Oficial<\/span><\/a> <\/span>que criei dentro do F\u00f3rum UOL Jogos. No t\u00f3pico voc\u00ea pode discutir mais a respeito do jogo e encontrar outras pessoas para participar de partidas online com voc\u00ea.<\/p>\n<p style=\"text-align: justify;\">Seja Bem-Vindo e fique ligado aqui nesse site para mais novidades fresquinhas! \ud83d\ude42<\/p>\n<p style=\"text-align: justify;\"><!-- OUR TEAM -->\n<div class=\"team row-fluid\">\n    <h1 class=\"heading tc11 bold\">Your Portuguese title here<\/h1>\n        <div class=\"members clearfix row\">\n\n                            <\/div><div class=\"members clearfix row\">\n                <div class=\"member span4\">\n            <div class=\"portrait border1\">\n                <img decoding=\"async\" src=\"http:\/\/matheuspitillo.com\/disneyinfinity\/wp-content\/uploads\/2013\/09\/pic_me.jpg\" alt=\"author\"\/>\n            <\/div>\n            <div class=\"info\">\n                <div class=\"name bold tc14\">Matheus Pitillo<\/div>\n                <div class=\"position bold tc12\">Game Designer \/ Level Designer<\/div>\n            <\/div>\n            <div class=\"description\">\n                <p><p align=\"justify\">Matheus Pitillo \u00e9 um Game\/Level Designer com uma paix\u00e3o - que parece mais um v\u00edcio - por caf\u00e9, filmes, escrita, v\u00eddeo-game e Disney. Ele quer conhecer e experimentar todos os tipos de jogos, mas na realidade mal consegue lidar com First Person Shooters. No momento, Matheus tenta organizar a sua rotina entre seu trabalho na EA Games e seu v\u00edcio em colecionar tudo relacionado ao game Disney Infinity.<\/p>\n            <\/div>\n            <ul class=\"social clearfix\">\n                                <li class=\"item bg10 left\">\n                    <a href=\"https:\/\/facebook.com\/matheus.pitillo\"><i class=\"icon facebook sp dib\"><\/i><\/a>\n                <\/li>\n                                                <li class=\"item bg10 left\">\n                    <a href=\"http:\/\/twitter.com\/mpitillo\"><i class=\"icon twitter sp dib\"><\/i><\/a>\n                <\/li>\n                                            <\/ul>\n        <\/div>\n        \n    <\/div>\n    <\/div>\n<!-- \/OUR TEAM --><\/p>\n","protected":false},"excerpt":{"rendered":"<p>Disney Infinity Brasil \u00e9 o primeiro site Brasileiro focado na mais nova febre digital que se tornou um fen\u00f3meno de vendas Mundial: o jogo Disney Infinity. Feito de um Fan, para outros fans, o site tenta trazer todas as novidades sobre o jogo e, ao mesmo tempo informar tudo relacionado ao mesmo. Por aqui voc\u00ea [&hellip;]<\/p>\n","protected":false},"author":2,"featured_media":264,"parent":0,"menu_order":1,"comment_status":"open","ping_status":"closed","template":"page-about.php","meta":{"footnotes":""},"class_list":["post-73","page","type-page","status-publish","has-post-thumbnail","hentry"],"_links":{"self":[{"href":"https:\/\/matheuspitillo.com\/disneyinfinity\/wp-json\/wp\/v2\/pages\/73","targetHints":{"allow":["GET"]}}],"collection":[{"href":"https:\/\/matheuspitillo.com\/disneyinfinity\/wp-json\/wp\/v2\/pages"}],"about":[{"href":"https:\/\/matheuspitillo.com\/disneyinfinity\/wp-json\/wp\/v2\/types\/page"}],"author":[{"embeddable":true,"href":"https:\/\/matheuspitillo.com\/disneyinfinity\/wp-json\/wp\/v2\/users\/2"}],"replies":[{"embeddable":true,"href":"https:\/\/matheuspitillo.com\/disneyinfinity\/wp-json\/wp\/v2\/comments?post=73"}],"version-history":[{"count":12,"href":"https:\/\/matheuspitillo.com\/disneyinfinity\/wp-json\/wp\/v2\/pages\/73\/revisions"}],"predecessor-version":[{"id":358,"href":"https:\/\/matheuspitillo.com\/disneyinfinity\/wp-json\/wp\/v2\/pages\/73\/revisions\/358"}],"wp:featuredmedia":[{"embeddable":true,"href":"https:\/\/matheuspitillo.com\/disneyinfinity\/wp-json\/wp\/v2\/media\/264"}],"wp:attachment":[{"href":"https:\/\/matheuspitillo.com\/disneyinfinity\/wp-json\/wp\/v2\/media?parent=73"}],"curies":[{"name":"wp","href":"https:\/\/api.w.org\/{rel}","templated":true}]}}